{"id":9,"date":"2022-03-25T10:47:31","date_gmt":"2022-03-25T09:47:31","guid":{"rendered":"http:\/\/ecs5-wp-bonbonbon.martinvillanove.com\/ecs5-wp-bonbonbon\/?page_id=9"},"modified":"2022-06-28T10:22:54","modified_gmt":"2022-06-28T08:22:54","slug":"accueil","status":"publish","type":"page","link":"https:\/\/ecs5-wp-bonbonbon.martinvillanove.com\/ecs5-wp-bonbonbon\/","title":{"rendered":"Accueil"},"content":{"rendered":"\n<div class=\"wp-block-nextend-smartslider3\"><\/div>\n\n\n\n<div style=\"height:50px\" aria-hidden=\"true\" class=\"wp-block-spacer\"><\/div>\n\n\n\n<div class=\"wp-block-columns alignwide are-vertically-aligned-center reassurancePictos is-layout-flex wp-container-core-columns-is-layout-9d6595d7 wp-block-columns-is-layout-flex\">\n<div class=\"wp-block-column is-vertically-aligned-center is-layout-flow wp-block-column-is-layout-flow\">\n<div class=\"wp-block-media-text is-stacked-on-mobile\" style=\"grid-template-columns:30% auto\"><figure class=\"wp-block-media-text__media\"><img loading=\"lazy\" decoding=\"async\" width=\"654\" height=\"716\" src=\"http:\/\/ecs5-wp-bonbonbon.martinvillanove.com\/ecs5-wp-bonbonbon\/wp-content\/uploads\/2022\/04\/coq@300x-1.png\" alt=\"\" class=\"wp-image-150 size-full\" srcset=\"https:\/\/ecs5-wp-bonbonbon.martinvillanove.com\/ecs5-wp-bonbonbon\/wp-content\/uploads\/2022\/04\/coq@300x-1.png 654w, https:\/\/ecs5-wp-bonbonbon.martinvillanove.com\/ecs5-wp-bonbonbon\/wp-content\/uploads\/2022\/04\/coq@300x-1-274x300.png 274w, https:\/\/ecs5-wp-bonbonbon.martinvillanove.com\/ecs5-wp-bonbonbon\/wp-content\/uploads\/2022\/04\/coq@300x-1-55x60.png 55w, https:\/\/ecs5-wp-bonbonbon.martinvillanove.com\/ecs5-wp-bonbonbon\/wp-content\/uploads\/2022\/04\/coq@300x-1-22x24.png 22w, https:\/\/ecs5-wp-bonbonbon.martinvillanove.com\/ecs5-wp-bonbonbon\/wp-content\/uploads\/2022\/04\/coq@300x-1-33x36.png 33w, https:\/\/ecs5-wp-bonbonbon.martinvillanove.com\/ecs5-wp-bonbonbon\/wp-content\/uploads\/2022\/04\/coq@300x-1-44x48.png 44w\" sizes=\"auto, (max-width: 654px) 100vw, 654px\" \/><\/figure><div class=\"wp-block-media-text__content\">\n<p class=\"has-small-font-size\">Produit made in France<\/p>\n<\/div><\/div>\n<\/div>\n\n\n\n<div class=\"wp-block-column is-vertically-aligned-center is-layout-flow wp-block-column-is-layout-flow\">\n<div class=\"wp-block-media-text is-stacked-on-mobile\" style=\"grid-template-columns:34% auto\"><figure class=\"wp-block-media-text__media\"><img loading=\"lazy\" decoding=\"async\" width=\"225\" height=\"225\" src=\"http:\/\/ecs5-wp-bonbonbon.martinvillanove.com\/ecs5-wp-bonbonbon\/wp-content\/uploads\/2022\/04\/free-delivery-2.png\" alt=\"\" class=\"wp-image-152 size-full\" srcset=\"https:\/\/ecs5-wp-bonbonbon.martinvillanove.com\/ecs5-wp-bonbonbon\/wp-content\/uploads\/2022\/04\/free-delivery-2.png 225w, https:\/\/ecs5-wp-bonbonbon.martinvillanove.com\/ecs5-wp-bonbonbon\/wp-content\/uploads\/2022\/04\/free-delivery-2-150x150.png 150w, https:\/\/ecs5-wp-bonbonbon.martinvillanove.com\/ecs5-wp-bonbonbon\/wp-content\/uploads\/2022\/04\/free-delivery-2-60x60.png 60w, https:\/\/ecs5-wp-bonbonbon.martinvillanove.com\/ecs5-wp-bonbonbon\/wp-content\/uploads\/2022\/04\/free-delivery-2-24x24.png 24w, https:\/\/ecs5-wp-bonbonbon.martinvillanove.com\/ecs5-wp-bonbonbon\/wp-content\/uploads\/2022\/04\/free-delivery-2-36x36.png 36w, https:\/\/ecs5-wp-bonbonbon.martinvillanove.com\/ecs5-wp-bonbonbon\/wp-content\/uploads\/2022\/04\/free-delivery-2-48x48.png 48w\" sizes=\"auto, (max-width: 225px) 100vw, 225px\" \/><\/figure><div class=\"wp-block-media-text__content\">\n<p class=\"has-small-font-size\">Livraison offerte d\u00e8s 35\u20ac d&rsquo;achat<\/p>\n<\/div><\/div>\n<\/div>\n\n\n\n<div class=\"wp-block-column is-vertically-aligned-center is-layout-flow wp-block-column-is-layout-flow\">\n<div class=\"wp-block-media-text alignwide is-stacked-on-mobile\" style=\"grid-template-columns:34% auto\"><figure class=\"wp-block-media-text__media\"><img loading=\"lazy\" decoding=\"async\" width=\"1024\" height=\"775\" src=\"http:\/\/ecs5-wp-bonbonbon.martinvillanove.com\/ecs5-wp-bonbonbon\/wp-content\/uploads\/2022\/04\/card@300x-1024x775.png\" alt=\"\" class=\"wp-image-149 size-full\" srcset=\"https:\/\/ecs5-wp-bonbonbon.martinvillanove.com\/ecs5-wp-bonbonbon\/wp-content\/uploads\/2022\/04\/card@300x-1024x775.png 1024w, https:\/\/ecs5-wp-bonbonbon.martinvillanove.com\/ecs5-wp-bonbonbon\/wp-content\/uploads\/2022\/04\/card@300x-300x227.png 300w, https:\/\/ecs5-wp-bonbonbon.martinvillanove.com\/ecs5-wp-bonbonbon\/wp-content\/uploads\/2022\/04\/card@300x-768x581.png 768w, https:\/\/ecs5-wp-bonbonbon.martinvillanove.com\/ecs5-wp-bonbonbon\/wp-content\/uploads\/2022\/04\/card@300x-1536x1163.png 1536w, https:\/\/ecs5-wp-bonbonbon.martinvillanove.com\/ecs5-wp-bonbonbon\/wp-content\/uploads\/2022\/04\/card@300x-2048x1550.png 2048w, https:\/\/ecs5-wp-bonbonbon.martinvillanove.com\/ecs5-wp-bonbonbon\/wp-content\/uploads\/2022\/04\/card@300x-79x60.png 79w, https:\/\/ecs5-wp-bonbonbon.martinvillanove.com\/ecs5-wp-bonbonbon\/wp-content\/uploads\/2022\/04\/card@300x-24x18.png 24w, https:\/\/ecs5-wp-bonbonbon.martinvillanove.com\/ecs5-wp-bonbonbon\/wp-content\/uploads\/2022\/04\/card@300x-36x27.png 36w, https:\/\/ecs5-wp-bonbonbon.martinvillanove.com\/ecs5-wp-bonbonbon\/wp-content\/uploads\/2022\/04\/card@300x-48x36.png 48w\" sizes=\"auto, (max-width: 1024px) 100vw, 1024px\" \/><\/figure><div class=\"wp-block-media-text__content\">\n<p class=\"has-small-font-size\">Paiement s\u00e9curis\u00e9<\/p>\n<\/div><\/div>\n<\/div>\n<\/div>\n\n\n\n<div style=\"height:45px\" aria-hidden=\"true\" class=\"wp-block-spacer\"><\/div>\n\n\n\n<div class=\"wp-block-media-text alignwide is-stacked-on-mobile is-image-fill padFabrication has-background\" style=\"background-color:#f4f4f4;grid-template-columns:40% auto\"><figure class=\"wp-block-media-text__media\" style=\"background-image:url(http:\/\/ecs5-wp-bonbonbon.martinvillanove.com\/ecs5-wp-bonbonbon\/wp-content\/uploads\/2022\/06\/boutique-bonbonbons-1024x683.png);background-position:50% 50%\"><img loading=\"lazy\" decoding=\"async\" width=\"1024\" height=\"683\" src=\"http:\/\/ecs5-wp-bonbonbon.martinvillanove.com\/ecs5-wp-bonbonbon\/wp-content\/uploads\/2022\/06\/boutique-bonbonbons-1024x683.png\" alt=\"Int\u00e9rieur de la boutique les bonbonbons\" class=\"wp-image-585 size-full\" srcset=\"https:\/\/ecs5-wp-bonbonbon.martinvillanove.com\/ecs5-wp-bonbonbon\/wp-content\/uploads\/2022\/06\/boutique-bonbonbons-1024x683.png 1024w, https:\/\/ecs5-wp-bonbonbon.martinvillanove.com\/ecs5-wp-bonbonbon\/wp-content\/uploads\/2022\/06\/boutique-bonbonbons-300x200.png 300w, https:\/\/ecs5-wp-bonbonbon.martinvillanove.com\/ecs5-wp-bonbonbon\/wp-content\/uploads\/2022\/06\/boutique-bonbonbons-768x512.png 768w, https:\/\/ecs5-wp-bonbonbon.martinvillanove.com\/ecs5-wp-bonbonbon\/wp-content\/uploads\/2022\/06\/boutique-bonbonbons-90x60.png 90w, https:\/\/ecs5-wp-bonbonbon.martinvillanove.com\/ecs5-wp-bonbonbon\/wp-content\/uploads\/2022\/06\/boutique-bonbonbons-420x280.png 420w, https:\/\/ecs5-wp-bonbonbon.martinvillanove.com\/ecs5-wp-bonbonbon\/wp-content\/uploads\/2022\/06\/boutique-bonbonbons.png 1080w\" sizes=\"auto, (max-width: 1024px) 100vw, 1024px\" \/><\/figure><div class=\"wp-block-media-text__content\">\n<p class=\"has-large-font-size\">Notre boutique<\/p>\n\n\n\n<p class=\"has-text-align-left\">Nos bonbons<br>Plus de 10 bonbons diff\u00e9rents. Impossible de ne pas trouver le bonbon qui vous correspond !<\/p>\n\n\n\n<p>Conseils<br>Vous ne souhaitez pas consommer vos bonbons tout de suite. Pas de panique, nous sommes \u00e0 votre disposition pour vous donner des petites astuces, nos accessoires et nos conseils pour que vos bonbons ne perdent pas en qualit\u00e9.<\/p>\n\n\n\n<p>Engagements<br>Le principal atout de nos bonbons ? Une conception \u00e9co-responsable, respectueuse de l&rsquo;environnement et sans additifs.<\/p>\n\n\n\n<div class=\"wp-block-buttons is-content-justification-center is-layout-flex wp-container-core-buttons-is-layout-16018d1d wp-block-buttons-is-layout-flex\">\n<div class=\"wp-block-button\"><a class=\"wp-block-button__link\" href=\"http:\/\/sdw5-ps-bonbonbon.martinvillanove.com\/\">D\u00e9couvrir nos bonbons<\/a><\/div>\n<\/div>\n<\/div><\/div>\n\n\n\n<div style=\"height:50px\" aria-hidden=\"true\" class=\"wp-block-spacer\"><\/div>\n\n\n\n<h2 class=\"has-text-align-center wp-block-heading\">Nos engagements<\/h2>\n\n\n\n<div class=\"wp-block-columns is-layout-flex wp-container-core-columns-is-layout-9d6595d7 wp-block-columns-is-layout-flex\">\n<div class=\"wp-block-column is-layout-flow wp-block-column-is-layout-flow\"><div class=\"wp-block-image\">\n<figure class=\"aligncenter size-large is-resized\"><img loading=\"lazy\" decoding=\"async\" src=\"http:\/\/ecs5-wp-bonbonbon.martinvillanove.com\/ecs5-wp-bonbonbon\/wp-content\/uploads\/2022\/04\/bio@300x-985x1024.png\" alt=\"100% bio image\" class=\"wp-image-128\" width=\"134\" height=\"139\" srcset=\"https:\/\/ecs5-wp-bonbonbon.martinvillanove.com\/ecs5-wp-bonbonbon\/wp-content\/uploads\/2022\/04\/bio@300x-985x1024.png 985w, https:\/\/ecs5-wp-bonbonbon.martinvillanove.com\/ecs5-wp-bonbonbon\/wp-content\/uploads\/2022\/04\/bio@300x-289x300.png 289w, https:\/\/ecs5-wp-bonbonbon.martinvillanove.com\/ecs5-wp-bonbonbon\/wp-content\/uploads\/2022\/04\/bio@300x-768x799.png 768w, https:\/\/ecs5-wp-bonbonbon.martinvillanove.com\/ecs5-wp-bonbonbon\/wp-content\/uploads\/2022\/04\/bio@300x-1477x1536.png 1477w, https:\/\/ecs5-wp-bonbonbon.martinvillanove.com\/ecs5-wp-bonbonbon\/wp-content\/uploads\/2022\/04\/bio@300x-58x60.png 58w, https:\/\/ecs5-wp-bonbonbon.martinvillanove.com\/ecs5-wp-bonbonbon\/wp-content\/uploads\/2022\/04\/bio@300x-24x24.png 24w, https:\/\/ecs5-wp-bonbonbon.martinvillanove.com\/ecs5-wp-bonbonbon\/wp-content\/uploads\/2022\/04\/bio@300x-36x36.png 36w, https:\/\/ecs5-wp-bonbonbon.martinvillanove.com\/ecs5-wp-bonbonbon\/wp-content\/uploads\/2022\/04\/bio@300x-46x48.png 46w, https:\/\/ecs5-wp-bonbonbon.martinvillanove.com\/ecs5-wp-bonbonbon\/wp-content\/uploads\/2022\/04\/bio@300x.png 1858w\" sizes=\"auto, (max-width: 134px) 100vw, 134px\" \/><\/figure>\n<\/div><\/div>\n\n\n\n<div class=\"wp-block-column is-layout-flow wp-block-column-is-layout-flow\"><div class=\"wp-block-image\">\n<figure class=\"aligncenter size-large is-resized\"><img loading=\"lazy\" decoding=\"async\" src=\"http:\/\/ecs5-wp-bonbonbon.martinvillanove.com\/ecs5-wp-bonbonbon\/wp-content\/uploads\/2022\/04\/vegan@300x-1024x711.png\" alt=\"Vegan food image\" class=\"wp-image-129\" width=\"167\" height=\"115\" srcset=\"https:\/\/ecs5-wp-bonbonbon.martinvillanove.com\/ecs5-wp-bonbonbon\/wp-content\/uploads\/2022\/04\/vegan@300x-1024x711.png 1024w, https:\/\/ecs5-wp-bonbonbon.martinvillanove.com\/ecs5-wp-bonbonbon\/wp-content\/uploads\/2022\/04\/vegan@300x-300x208.png 300w, https:\/\/ecs5-wp-bonbonbon.martinvillanove.com\/ecs5-wp-bonbonbon\/wp-content\/uploads\/2022\/04\/vegan@300x-768x533.png 768w, https:\/\/ecs5-wp-bonbonbon.martinvillanove.com\/ecs5-wp-bonbonbon\/wp-content\/uploads\/2022\/04\/vegan@300x-1536x1067.png 1536w, https:\/\/ecs5-wp-bonbonbon.martinvillanove.com\/ecs5-wp-bonbonbon\/wp-content\/uploads\/2022\/04\/vegan@300x-2048x1422.png 2048w, https:\/\/ecs5-wp-bonbonbon.martinvillanove.com\/ecs5-wp-bonbonbon\/wp-content\/uploads\/2022\/04\/vegan@300x-86x60.png 86w, https:\/\/ecs5-wp-bonbonbon.martinvillanove.com\/ecs5-wp-bonbonbon\/wp-content\/uploads\/2022\/04\/vegan@300x-24x17.png 24w, https:\/\/ecs5-wp-bonbonbon.martinvillanove.com\/ecs5-wp-bonbonbon\/wp-content\/uploads\/2022\/04\/vegan@300x-36x25.png 36w, https:\/\/ecs5-wp-bonbonbon.martinvillanove.com\/ecs5-wp-bonbonbon\/wp-content\/uploads\/2022\/04\/vegan@300x-48x33.png 48w\" sizes=\"auto, (max-width: 167px) 100vw, 167px\" \/><\/figure>\n<\/div><\/div>\n\n\n\n<div class=\"wp-block-column is-layout-flow wp-block-column-is-layout-flow\"><div class=\"wp-block-image\">\n<figure class=\"aligncenter size-large is-resized\"><img loading=\"lazy\" decoding=\"async\" src=\"http:\/\/ecs5-wp-bonbonbon.martinvillanove.com\/ecs5-wp-bonbonbon\/wp-content\/uploads\/2022\/04\/eco@300x-1024x915.png\" alt=\"Eco-responsable image\" class=\"wp-image-131\" width=\"148\" height=\"132\" srcset=\"https:\/\/ecs5-wp-bonbonbon.martinvillanove.com\/ecs5-wp-bonbonbon\/wp-content\/uploads\/2022\/04\/eco@300x-1024x915.png 1024w, https:\/\/ecs5-wp-bonbonbon.martinvillanove.com\/ecs5-wp-bonbonbon\/wp-content\/uploads\/2022\/04\/eco@300x-300x268.png 300w, https:\/\/ecs5-wp-bonbonbon.martinvillanove.com\/ecs5-wp-bonbonbon\/wp-content\/uploads\/2022\/04\/eco@300x-768x686.png 768w, https:\/\/ecs5-wp-bonbonbon.martinvillanove.com\/ecs5-wp-bonbonbon\/wp-content\/uploads\/2022\/04\/eco@300x-1536x1372.png 1536w, https:\/\/ecs5-wp-bonbonbon.martinvillanove.com\/ecs5-wp-bonbonbon\/wp-content\/uploads\/2022\/04\/eco@300x-2048x1830.png 2048w, https:\/\/ecs5-wp-bonbonbon.martinvillanove.com\/ecs5-wp-bonbonbon\/wp-content\/uploads\/2022\/04\/eco@300x-67x60.png 67w, https:\/\/ecs5-wp-bonbonbon.martinvillanove.com\/ecs5-wp-bonbonbon\/wp-content\/uploads\/2022\/04\/eco@300x-24x21.png 24w, https:\/\/ecs5-wp-bonbonbon.martinvillanove.com\/ecs5-wp-bonbonbon\/wp-content\/uploads\/2022\/04\/eco@300x-36x32.png 36w, https:\/\/ecs5-wp-bonbonbon.martinvillanove.com\/ecs5-wp-bonbonbon\/wp-content\/uploads\/2022\/04\/eco@300x-48x43.png 48w\" sizes=\"auto, (max-width: 148px) 100vw, 148px\" \/><\/figure>\n<\/div><\/div>\n<\/div>\n\n\n\n<div style=\"height:10px\" aria-hidden=\"true\" class=\"wp-block-spacer\"><\/div>\n\n\n\n<div class=\"wp-block-media-text alignwide has-media-on-the-right is-stacked-on-mobile is-image-fill padFabrication has-background\" style=\"background-color:#f4f4f4;grid-template-columns:auto 40%\"><figure class=\"wp-block-media-text__media\" style=\"background-image:url(http:\/\/ecs5-wp-bonbonbon.martinvillanove.com\/ecs5-wp-bonbonbon\/wp-content\/uploads\/2022\/04\/maxresdefault-1024x576.jpg);background-position:50% 49%\"><img loading=\"lazy\" decoding=\"async\" width=\"1024\" height=\"576\" src=\"http:\/\/ecs5-wp-bonbonbon.martinvillanove.com\/ecs5-wp-bonbonbon\/wp-content\/uploads\/2022\/04\/maxresdefault-1024x576.jpg\" alt=\"fabrication des bonbons\" class=\"wp-image-113 size-full\" srcset=\"https:\/\/ecs5-wp-bonbonbon.martinvillanove.com\/ecs5-wp-bonbonbon\/wp-content\/uploads\/2022\/04\/maxresdefault-1024x576.jpg 1024w, https:\/\/ecs5-wp-bonbonbon.martinvillanove.com\/ecs5-wp-bonbonbon\/wp-content\/uploads\/2022\/04\/maxresdefault-300x169.jpg 300w, https:\/\/ecs5-wp-bonbonbon.martinvillanove.com\/ecs5-wp-bonbonbon\/wp-content\/uploads\/2022\/04\/maxresdefault-768x432.jpg 768w, https:\/\/ecs5-wp-bonbonbon.martinvillanove.com\/ecs5-wp-bonbonbon\/wp-content\/uploads\/2022\/04\/maxresdefault-107x60.jpg 107w, https:\/\/ecs5-wp-bonbonbon.martinvillanove.com\/ecs5-wp-bonbonbon\/wp-content\/uploads\/2022\/04\/maxresdefault-840x473.jpg 840w, https:\/\/ecs5-wp-bonbonbon.martinvillanove.com\/ecs5-wp-bonbonbon\/wp-content\/uploads\/2022\/04\/maxresdefault.jpg 1280w\" sizes=\"auto, (max-width: 1024px) 100vw, 1024px\" \/><\/figure><div class=\"wp-block-media-text__content\">\n<p class=\"has-large-font-size\">Fabrication<\/p>\n\n\n\n<p class=\"has-text-align-left\">C&rsquo;est \u00e0 Saint-Michel \u00e0 proximit\u00e9 d&rsquo;Angoul\u00eame (16) que l&rsquo;histoire des bonbonbons commence. Nous faisons appels aux meilleurs artisans du territoire pour concevoir nos gammes de bonbons et vous offrir un large choix.<br><br>Ingr\u00e9dients<br>Les ar\u00f4mes de fruits sont obtenus \u00e0 partir d&rsquo;huile essentielle. La g\u00e9latine animale est remplac\u00e9e par de l&rsquo;agar-agar, un produit g\u00e9lifiant obtenu \u00e0 partir d&rsquo;algues. Pour les drag\u00e9es, les nougats, les noisettes et les amandes utilis\u00e9s sont issus de l&rsquo;agriculture biologique.<br><br>Allerg\u00e8nes<br>Afin de vous proposer la meilleure exp\u00e9rience, vous pouvez retrouver toutes les informations sur les ingr\u00e9dients dans les pages produits de nos bonbons<\/p>\n\n\n\n<div class=\"wp-block-buttons is-content-justification-center is-layout-flex wp-container-core-buttons-is-layout-16018d1d wp-block-buttons-is-layout-flex\">\n<div class=\"wp-block-button\"><a class=\"wp-block-button__link\" href=\"http:\/\/ecs5-wp-bonbonbon.martinvillanove.com\/ecs5-wp-bonbonbon\/index.php\/qui-sommes-nous\/\">En savoir plus<\/a><\/div>\n<\/div>\n<\/div><\/div>\n\n\n\n<div class=\"wp-block-columns is-layout-flex wp-container-core-columns-is-layout-9d6595d7 wp-block-columns-is-layout-flex\">\n<div class=\"wp-block-column is-layout-flow wp-block-column-is-layout-flow\"><\/div>\n<\/div>\n","protected":false},"excerpt":{"rendered":"<p>Produit made in France Livraison offerte d\u00e8s 35\u20ac d&rsquo;achat Paiement s\u00e9curis\u00e9 Nos engagements<\/p>\n","protected":false},"author":3,"featured_media":0,"parent":0,"menu_order":0,"comment_status":"closed","ping_status":"closed","template":"","meta":{"footnotes":""},"class_list":["post-9","page","type-page","status-publish","hentry","latest_post"],"yoast_head":"<!-- This site is optimized with the Yoast SEO plugin v19.1 - https:\/\/yoast.com\/wordpress\/plugins\/seo\/ -->\n<title>Accueil - Les Bonbonbons<\/title>\n<meta name=\"description\" content=\"Marque de bonbon 100% charentais con\u00e7us dans le respect de l&#039;environnement et s&#039;inscrivant dans une d\u00e9marche d&#039;\u00e9conomie sociale et solidaire.\" \/>\n<meta name=\"robots\" content=\"noindex, follow, max-snippet:-1, max-image-preview:large, max-video-preview:-1\" \/>\n<meta property=\"og:locale\" content=\"fr_FR\" \/>\n<meta property=\"og:type\" content=\"article\" \/>\n<meta property=\"og:title\" content=\"Accueil - Les Bonbonbons\" \/>\n<meta property=\"og:description\" content=\"Marque de bonbon 100% charentais con\u00e7us dans le respect de l&#039;environnement et s&#039;inscrivant dans une d\u00e9marche d&#039;\u00e9conomie sociale et solidaire.\" \/>\n<meta property=\"og:url\" content=\"https:\/\/ecs5-wp-bonbonbon.martinvillanove.com\/ecs5-wp-bonbonbon\/\" \/>\n<meta property=\"og:site_name\" content=\"Les Bonbonbons\" \/>\n<meta property=\"article:publisher\" content=\"https:\/\/www.facebook.com\/bonbonbonsciney\/\" \/>\n<meta property=\"article:modified_time\" content=\"2022-06-28T08:22:54+00:00\" \/>\n<meta property=\"og:image\" content=\"http:\/\/ecs5-wp-bonbonbon.martinvillanove.com\/ecs5-wp-bonbonbon\/wp-content\/uploads\/2022\/04\/coq@300x-1.png\" \/>\n<meta name=\"twitter:card\" content=\"summary_large_image\" \/>\n<meta name=\"twitter:label1\" content=\"Dur\u00e9e de lecture estim\u00e9e\" \/>\n\t<meta name=\"twitter:data1\" content=\"3 minutes\" \/>\n<script type=\"application\/ld+json\" class=\"yoast-schema-graph\">{\"@context\":\"https:\/\/schema.org\",\"@graph\":[{\"@type\":\"WebSite\",\"@id\":\"https:\/\/ecs5-wp-bonbonbon.martinvillanove.com\/ecs5-wp-bonbonbon\/#website\",\"url\":\"https:\/\/ecs5-wp-bonbonbon.martinvillanove.com\/ecs5-wp-bonbonbon\/\",\"name\":\"Les Bonbonbons\",\"description\":\"Des bonbons 100% \u00e9co-responsable\",\"potentialAction\":[{\"@type\":\"SearchAction\",\"target\":{\"@type\":\"EntryPoint\",\"urlTemplate\":\"https:\/\/ecs5-wp-bonbonbon.martinvillanove.com\/ecs5-wp-bonbonbon\/?s={search_term_string}\"},\"query-input\":\"required name=search_term_string\"}],\"inLanguage\":\"fr-FR\"},{\"@type\":\"ImageObject\",\"inLanguage\":\"fr-FR\",\"@id\":\"https:\/\/ecs5-wp-bonbonbon.martinvillanove.com\/ecs5-wp-bonbonbon\/#primaryimage\",\"url\":\"https:\/\/ecs5-wp-bonbonbon.martinvillanove.com\/ecs5-wp-bonbonbon\/wp-content\/uploads\/2022\/04\/coq@300x-1.png\",\"contentUrl\":\"https:\/\/ecs5-wp-bonbonbon.martinvillanove.com\/ecs5-wp-bonbonbon\/wp-content\/uploads\/2022\/04\/coq@300x-1.png\",\"width\":654,\"height\":716,\"caption\":\"Coq Made In France\"},{\"@type\":\"WebPage\",\"@id\":\"https:\/\/ecs5-wp-bonbonbon.martinvillanove.com\/ecs5-wp-bonbonbon\/#webpage\",\"url\":\"https:\/\/ecs5-wp-bonbonbon.martinvillanove.com\/ecs5-wp-bonbonbon\/\",\"name\":\"Accueil - Les Bonbonbons\",\"isPartOf\":{\"@id\":\"https:\/\/ecs5-wp-bonbonbon.martinvillanove.com\/ecs5-wp-bonbonbon\/#website\"},\"primaryImageOfPage\":{\"@id\":\"https:\/\/ecs5-wp-bonbonbon.martinvillanove.com\/ecs5-wp-bonbonbon\/#primaryimage\"},\"datePublished\":\"2022-03-25T09:47:31+00:00\",\"dateModified\":\"2022-06-28T08:22:54+00:00\",\"description\":\"Marque de bonbon 100% charentais con\u00e7us dans le respect de l'environnement et s'inscrivant dans une d\u00e9marche d'\u00e9conomie sociale et solidaire.\",\"breadcrumb\":{\"@id\":\"https:\/\/ecs5-wp-bonbonbon.martinvillanove.com\/ecs5-wp-bonbonbon\/#breadcrumb\"},\"inLanguage\":\"fr-FR\",\"potentialAction\":[{\"@type\":\"ReadAction\",\"target\":[\"https:\/\/ecs5-wp-bonbonbon.martinvillanove.com\/ecs5-wp-bonbonbon\/\"]}]},{\"@type\":\"BreadcrumbList\",\"@id\":\"https:\/\/ecs5-wp-bonbonbon.martinvillanove.com\/ecs5-wp-bonbonbon\/#breadcrumb\",\"itemListElement\":[{\"@type\":\"ListItem\",\"position\":1,\"name\":\"Accueil\",\"item\":\"https:\/\/ecs5-wp-bonbonbon.martinvillanove.com\/ecs5-wp-bonbonbon\/\"},{\"@type\":\"ListItem\",\"position\":2,\"name\":\"Accueil\"}]}]}<\/script>\n<!-- \/ Yoast SEO plugin. -->","yoast_head_json":{"title":"Accueil - Les Bonbonbons","description":"Marque de bonbon 100% charentais con\u00e7us dans le respect de l'environnement et s'inscrivant dans une d\u00e9marche d'\u00e9conomie sociale et solidaire.","robots":{"index":"noindex","follow":"follow","max-snippet":"max-snippet:-1","max-image-preview":"max-image-preview:large","max-video-preview":"max-video-preview:-1"},"og_locale":"fr_FR","og_type":"article","og_title":"Accueil - Les Bonbonbons","og_description":"Marque de bonbon 100% charentais con\u00e7us dans le respect de l'environnement et s'inscrivant dans une d\u00e9marche d'\u00e9conomie sociale et solidaire.","og_url":"https:\/\/ecs5-wp-bonbonbon.martinvillanove.com\/ecs5-wp-bonbonbon\/","og_site_name":"Les Bonbonbons","article_publisher":"https:\/\/www.facebook.com\/bonbonbonsciney\/","article_modified_time":"2022-06-28T08:22:54+00:00","og_image":[{"url":"http:\/\/ecs5-wp-bonbonbon.martinvillanove.com\/ecs5-wp-bonbonbon\/wp-content\/uploads\/2022\/04\/coq@300x-1.png"}],"twitter_card":"summary_large_image","twitter_misc":{"Dur\u00e9e de lecture estim\u00e9e":"3 minutes"},"schema":{"@context":"https:\/\/schema.org","@graph":[{"@type":"WebSite","@id":"https:\/\/ecs5-wp-bonbonbon.martinvillanove.com\/ecs5-wp-bonbonbon\/#website","url":"https:\/\/ecs5-wp-bonbonbon.martinvillanove.com\/ecs5-wp-bonbonbon\/","name":"Les Bonbonbons","description":"Des bonbons 100% \u00e9co-responsable","potentialAction":[{"@type":"SearchAction","target":{"@type":"EntryPoint","urlTemplate":"https:\/\/ecs5-wp-bonbonbon.martinvillanove.com\/ecs5-wp-bonbonbon\/?s={search_term_string}"},"query-input":"required name=search_term_string"}],"inLanguage":"fr-FR"},{"@type":"ImageObject","inLanguage":"fr-FR","@id":"https:\/\/ecs5-wp-bonbonbon.martinvillanove.com\/ecs5-wp-bonbonbon\/#primaryimage","url":"https:\/\/ecs5-wp-bonbonbon.martinvillanove.com\/ecs5-wp-bonbonbon\/wp-content\/uploads\/2022\/04\/coq@300x-1.png","contentUrl":"https:\/\/ecs5-wp-bonbonbon.martinvillanove.com\/ecs5-wp-bonbonbon\/wp-content\/uploads\/2022\/04\/coq@300x-1.png","width":654,"height":716,"caption":"Coq Made In France"},{"@type":"WebPage","@id":"https:\/\/ecs5-wp-bonbonbon.martinvillanove.com\/ecs5-wp-bonbonbon\/#webpage","url":"https:\/\/ecs5-wp-bonbonbon.martinvillanove.com\/ecs5-wp-bonbonbon\/","name":"Accueil - Les Bonbonbons","isPartOf":{"@id":"https:\/\/ecs5-wp-bonbonbon.martinvillanove.com\/ecs5-wp-bonbonbon\/#website"},"primaryImageOfPage":{"@id":"https:\/\/ecs5-wp-bonbonbon.martinvillanove.com\/ecs5-wp-bonbonbon\/#primaryimage"},"datePublished":"2022-03-25T09:47:31+00:00","dateModified":"2022-06-28T08:22:54+00:00","description":"Marque de bonbon 100% charentais con\u00e7us dans le respect de l'environnement et s'inscrivant dans une d\u00e9marche d'\u00e9conomie sociale et solidaire.","breadcrumb":{"@id":"https:\/\/ecs5-wp-bonbonbon.martinvillanove.com\/ecs5-wp-bonbonbon\/#breadcrumb"},"inLanguage":"fr-FR","potentialAction":[{"@type":"ReadAction","target":["https:\/\/ecs5-wp-bonbonbon.martinvillanove.com\/ecs5-wp-bonbonbon\/"]}]},{"@type":"BreadcrumbList","@id":"https:\/\/ecs5-wp-bonbonbon.martinvillanove.com\/ecs5-wp-bonbonbon\/#breadcrumb","itemListElement":[{"@type":"ListItem","position":1,"name":"Accueil","item":"https:\/\/ecs5-wp-bonbonbon.martinvillanove.com\/ecs5-wp-bonbonbon\/"},{"@type":"ListItem","position":2,"name":"Accueil"}]}]}},"_links":{"self":[{"href":"https:\/\/ecs5-wp-bonbonbon.martinvillanove.com\/ecs5-wp-bonbonbon\/wp-json\/wp\/v2\/pages\/9","targetHints":{"allow":["GET"]}}],"collection":[{"href":"https:\/\/ecs5-wp-bonbonbon.martinvillanove.com\/ecs5-wp-bonbonbon\/wp-json\/wp\/v2\/pages"}],"about":[{"href":"https:\/\/ecs5-wp-bonbonbon.martinvillanove.com\/ecs5-wp-bonbonbon\/wp-json\/wp\/v2\/types\/page"}],"author":[{"embeddable":true,"href":"https:\/\/ecs5-wp-bonbonbon.martinvillanove.com\/ecs5-wp-bonbonbon\/wp-json\/wp\/v2\/users\/3"}],"replies":[{"embeddable":true,"href":"https:\/\/ecs5-wp-bonbonbon.martinvillanove.com\/ecs5-wp-bonbonbon\/wp-json\/wp\/v2\/comments?post=9"}],"version-history":[{"count":35,"href":"https:\/\/ecs5-wp-bonbonbon.martinvillanove.com\/ecs5-wp-bonbonbon\/wp-json\/wp\/v2\/pages\/9\/revisions"}],"predecessor-version":[{"id":676,"href":"https:\/\/ecs5-wp-bonbonbon.martinvillanove.com\/ecs5-wp-bonbonbon\/wp-json\/wp\/v2\/pages\/9\/revisions\/676"}],"wp:attachment":[{"href":"https:\/\/ecs5-wp-bonbonbon.martinvillanove.com\/ecs5-wp-bonbonbon\/wp-json\/wp\/v2\/media?parent=9"}],"curies":[{"name":"wp","href":"https:\/\/api.w.org\/{rel}","templated":true}]}}