{"id":20,"date":"2022-03-25T10:54:36","date_gmt":"2022-03-25T09:54:36","guid":{"rendered":"http:\/\/ecs5-wp-bonbonbon.martinvillanove.com\/ecs5-wp-bonbonbon\/?page_id=20"},"modified":"2022-06-27T22:37:17","modified_gmt":"2022-06-27T20:37:17","slug":"contact","status":"publish","type":"page","link":"https:\/\/ecs5-wp-bonbonbon.martinvillanove.com\/ecs5-wp-bonbonbon\/contact\/","title":{"rendered":"Contact"},"content":{"rendered":"\n<div class=\"wp-block-media-text alignwide has-media-on-the-right is-stacked-on-mobile is-vertically-aligned-center\" style=\"grid-template-columns:auto 38%\"><figure class=\"wp-block-media-text__media\"><img loading=\"lazy\" decoding=\"async\" width=\"507\" height=\"537\" src=\"http:\/\/ecs5-wp-bonbonbon.martinvillanove.com\/ecs5-wp-bonbonbon\/wp-content\/uploads\/2022\/06\/carte-localisation-bonbonbons.png\" alt=\"Carte de la France pour situer Angoul\u00eame\" class=\"wp-image-196 size-full\" srcset=\"https:\/\/ecs5-wp-bonbonbon.martinvillanove.com\/ecs5-wp-bonbonbon\/wp-content\/uploads\/2022\/06\/carte-localisation-bonbonbons.png 507w, https:\/\/ecs5-wp-bonbonbon.martinvillanove.com\/ecs5-wp-bonbonbon\/wp-content\/uploads\/2022\/06\/carte-localisation-bonbonbons-283x300.png 283w, https:\/\/ecs5-wp-bonbonbon.martinvillanove.com\/ecs5-wp-bonbonbon\/wp-content\/uploads\/2022\/06\/carte-localisation-bonbonbons-57x60.png 57w, https:\/\/ecs5-wp-bonbonbon.martinvillanove.com\/ecs5-wp-bonbonbon\/wp-content\/uploads\/2022\/06\/carte-localisation-bonbonbons-24x24.png 24w, https:\/\/ecs5-wp-bonbonbon.martinvillanove.com\/ecs5-wp-bonbonbon\/wp-content\/uploads\/2022\/06\/carte-localisation-bonbonbons-34x36.png 34w, https:\/\/ecs5-wp-bonbonbon.martinvillanove.com\/ecs5-wp-bonbonbon\/wp-content\/uploads\/2022\/06\/carte-localisation-bonbonbons-45x48.png 45w\" sizes=\"auto, (max-width: 507px) 100vw, 507px\" \/><\/figure><div class=\"wp-block-media-text__content\">\n<h2 class=\"wp-block-heading\" style=\"font-size:18px;font-style:normal;font-weight:500;line-height:1.4\">Vous avez une question ? Besoin de renseignement ? <br>Contactez-nous ! Nous vous r\u00e9pondrons dans les plus brefs d\u00e9lais !<\/h2>\n\n\n\n<div class=\"wp-block-columns is-layout-flex wp-container-core-columns-is-layout-9d6595d7 wp-block-columns-is-layout-flex\">\n<div class=\"wp-block-column is-layout-flow wp-block-column-is-layout-flow\">\n<p class=\"citationP\">2 rue vigier de la pile,<br>16000 Angoul\u00eame<br><\/p>\n<\/div>\n\n\n\n<div class=\"wp-block-column is-layout-flow wp-block-column-is-layout-flow\">\n<p class=\"citationP\" style=\"font-size:18px\">T\u00e9l\u00e9phone : 09.12.34.56.78<br>Ouvert du Lundi au Vendredi de 8h \u00e0 17h.<\/p>\n<\/div>\n<\/div>\n<\/div><\/div>\n\n\n\n<div style=\"height:46px\" aria-hidden=\"true\" class=\"wp-block-spacer\"><\/div>\n\n\n\n<div class=\"wp-block-columns alignwide are-vertically-aligned-center reassurancePictos is-layout-flex wp-container-core-columns-is-layout-9d6595d7 wp-block-columns-is-layout-flex\">\n<div class=\"wp-block-column is-vertically-aligned-center is-layout-flow wp-block-column-is-layout-flow\">\n<div class=\"wp-block-media-text alignwide is-stacked-on-mobile\" style=\"grid-template-columns:30% auto\"><figure class=\"wp-block-media-text__media\"><img loading=\"lazy\" decoding=\"async\" width=\"654\" height=\"716\" src=\"http:\/\/ecs5-wp-bonbonbon.martinvillanove.com\/ecs5-wp-bonbonbon\/wp-content\/uploads\/2022\/04\/coq@300x-1.png\" alt=\"Produit Made In France\" class=\"wp-image-150 size-full\" srcset=\"https:\/\/ecs5-wp-bonbonbon.martinvillanove.com\/ecs5-wp-bonbonbon\/wp-content\/uploads\/2022\/04\/coq@300x-1.png 654w, https:\/\/ecs5-wp-bonbonbon.martinvillanove.com\/ecs5-wp-bonbonbon\/wp-content\/uploads\/2022\/04\/coq@300x-1-274x300.png 274w, https:\/\/ecs5-wp-bonbonbon.martinvillanove.com\/ecs5-wp-bonbonbon\/wp-content\/uploads\/2022\/04\/coq@300x-1-55x60.png 55w, https:\/\/ecs5-wp-bonbonbon.martinvillanove.com\/ecs5-wp-bonbonbon\/wp-content\/uploads\/2022\/04\/coq@300x-1-22x24.png 22w, https:\/\/ecs5-wp-bonbonbon.martinvillanove.com\/ecs5-wp-bonbonbon\/wp-content\/uploads\/2022\/04\/coq@300x-1-33x36.png 33w, https:\/\/ecs5-wp-bonbonbon.martinvillanove.com\/ecs5-wp-bonbonbon\/wp-content\/uploads\/2022\/04\/coq@300x-1-44x48.png 44w\" sizes=\"auto, (max-width: 654px) 100vw, 654px\" \/><\/figure><div class=\"wp-block-media-text__content\">\n<p class=\"has-small-font-size\">Produit made in France<\/p>\n<\/div><\/div>\n<\/div>\n\n\n\n<div class=\"wp-block-column is-vertically-aligned-center is-layout-flow wp-block-column-is-layout-flow\">\n<div class=\"wp-block-media-text alignwide is-stacked-on-mobile\" style=\"grid-template-columns:34% auto\"><figure class=\"wp-block-media-text__media\"><img loading=\"lazy\" decoding=\"async\" width=\"225\" height=\"225\" src=\"http:\/\/ecs5-wp-bonbonbon.martinvillanove.com\/ecs5-wp-bonbonbon\/wp-content\/uploads\/2022\/04\/free-delivery-2.png\" alt=\"Livraison offerte logo\" class=\"wp-image-152 size-full\" srcset=\"https:\/\/ecs5-wp-bonbonbon.martinvillanove.com\/ecs5-wp-bonbonbon\/wp-content\/uploads\/2022\/04\/free-delivery-2.png 225w, https:\/\/ecs5-wp-bonbonbon.martinvillanove.com\/ecs5-wp-bonbonbon\/wp-content\/uploads\/2022\/04\/free-delivery-2-150x150.png 150w, https:\/\/ecs5-wp-bonbonbon.martinvillanove.com\/ecs5-wp-bonbonbon\/wp-content\/uploads\/2022\/04\/free-delivery-2-60x60.png 60w, https:\/\/ecs5-wp-bonbonbon.martinvillanove.com\/ecs5-wp-bonbonbon\/wp-content\/uploads\/2022\/04\/free-delivery-2-24x24.png 24w, https:\/\/ecs5-wp-bonbonbon.martinvillanove.com\/ecs5-wp-bonbonbon\/wp-content\/uploads\/2022\/04\/free-delivery-2-36x36.png 36w, https:\/\/ecs5-wp-bonbonbon.martinvillanove.com\/ecs5-wp-bonbonbon\/wp-content\/uploads\/2022\/04\/free-delivery-2-48x48.png 48w\" sizes=\"auto, (max-width: 225px) 100vw, 225px\" \/><\/figure><div class=\"wp-block-media-text__content\">\n<p class=\"has-small-font-size\">Livraison offerte d\u00e8s 35\u20ac d\u2019achat<\/p>\n<\/div><\/div>\n<\/div>\n\n\n\n<div class=\"wp-block-column is-vertically-aligned-center is-layout-flow wp-block-column-is-layout-flow\">\n<div class=\"wp-block-media-text alignwide is-stacked-on-mobile\" style=\"grid-template-columns:35% auto\"><figure class=\"wp-block-media-text__media\"><img loading=\"lazy\" decoding=\"async\" width=\"1024\" height=\"775\" src=\"http:\/\/ecs5-wp-bonbonbon.martinvillanove.com\/ecs5-wp-bonbonbon\/wp-content\/uploads\/2022\/04\/card@300x-1024x775.png\" alt=\"Paiement s\u00e9curis\u00e9 logo\" class=\"wp-image-149 size-full\" srcset=\"https:\/\/ecs5-wp-bonbonbon.martinvillanove.com\/ecs5-wp-bonbonbon\/wp-content\/uploads\/2022\/04\/card@300x-1024x775.png 1024w, https:\/\/ecs5-wp-bonbonbon.martinvillanove.com\/ecs5-wp-bonbonbon\/wp-content\/uploads\/2022\/04\/card@300x-300x227.png 300w, https:\/\/ecs5-wp-bonbonbon.martinvillanove.com\/ecs5-wp-bonbonbon\/wp-content\/uploads\/2022\/04\/card@300x-768x581.png 768w, https:\/\/ecs5-wp-bonbonbon.martinvillanove.com\/ecs5-wp-bonbonbon\/wp-content\/uploads\/2022\/04\/card@300x-1536x1163.png 1536w, https:\/\/ecs5-wp-bonbonbon.martinvillanove.com\/ecs5-wp-bonbonbon\/wp-content\/uploads\/2022\/04\/card@300x-2048x1550.png 2048w, https:\/\/ecs5-wp-bonbonbon.martinvillanove.com\/ecs5-wp-bonbonbon\/wp-content\/uploads\/2022\/04\/card@300x-79x60.png 79w, https:\/\/ecs5-wp-bonbonbon.martinvillanove.com\/ecs5-wp-bonbonbon\/wp-content\/uploads\/2022\/04\/card@300x-24x18.png 24w, https:\/\/ecs5-wp-bonbonbon.martinvillanove.com\/ecs5-wp-bonbonbon\/wp-content\/uploads\/2022\/04\/card@300x-36x27.png 36w, https:\/\/ecs5-wp-bonbonbon.martinvillanove.com\/ecs5-wp-bonbonbon\/wp-content\/uploads\/2022\/04\/card@300x-48x36.png 48w\" sizes=\"auto, (max-width: 1024px) 100vw, 1024px\" \/><\/figure><div class=\"wp-block-media-text__content\">\n<p class=\"has-small-font-size\">Paiement s\u00e9curis\u00e9<\/p>\n<\/div><\/div>\n<\/div>\n<\/div>\n\n\n\n<div style=\"height:46px\" aria-hidden=\"true\" class=\"wp-block-spacer\"><\/div>\n\n\n<div role=\"form\" class=\"wpcf7\" id=\"wpcf7-f103-o1\" lang=\"fr-FR\" dir=\"ltr\">\n<div class=\"screen-reader-response\"><p role=\"status\" aria-live=\"polite\" aria-atomic=\"true\"><\/p> <ul><\/ul><\/div>\n<form action=\"\/ecs5-wp-bonbonbon\/wp-json\/wp\/v2\/pages\/20#wpcf7-f103-o1\" method=\"post\" class=\"wpcf7-form init\" novalidate=\"novalidate\" data-status=\"init\">\n<div style=\"display: none;\">\n<input type=\"hidden\" name=\"_wpcf7\" value=\"103\" \/>\n<input type=\"hidden\" name=\"_wpcf7_version\" value=\"5.6\" \/>\n<input type=\"hidden\" name=\"_wpcf7_locale\" value=\"fr_FR\" \/>\n<input type=\"hidden\" name=\"_wpcf7_unit_tag\" value=\"wpcf7-f103-o1\" \/>\n<input type=\"hidden\" name=\"_wpcf7_container_post\" value=\"0\" \/>\n<input type=\"hidden\" name=\"_wpcf7_posted_data_hash\" value=\"\" \/>\n<\/div>\n<p><label> Quelle est votre demande ?<br \/>\n    <span class=\"wpcf7-form-control-wrap\" data-name=\"menu-917\"><select name=\"menu-917\" class=\"wpcf7-form-control wpcf7-select\" aria-invalid=\"false\"><option value=\"Produit d\u00e9fectueux\">Produit d\u00e9fectueux<\/option><option value=\"Livraison non re\u00e7ue\">Livraison non re\u00e7ue<\/option><option value=\"R\u00e9servation\">R\u00e9servation<\/option><option value=\"Demande remboursement\">Demande remboursement<\/option><option value=\"Demande d&#039;information compl\u00e9mentaire\">Demande d&#039;information compl\u00e9mentaire<\/option><option value=\"Signaler un probl\u00e8me sur le site\">Signaler un probl\u00e8me sur le site<\/option><option value=\"Autre\">Autre<\/option><\/select><\/span><\/label><\/p>\n<table>\n<tr class=\"double\">\n<td class=\"carddouble2\"> <label> Votre nom*<br \/>\n    <span class=\"wpcf7-form-control-wrap\" data-name=\"your-name\"><input type=\"text\" name=\"your-name\" value=\"\" size=\"40\" class=\"wpcf7-form-control wpcf7-text wpcf7-validates-as-required\" aria-required=\"true\" aria-invalid=\"false\" placeholder=\"Exemple : Dupont\" \/><\/span> <\/label> <\/td>\n<td class=\"carddouble\"> <label> Votre pr\u00e9nom*<br \/>\n    <span class=\"wpcf7-form-control-wrap\" data-name=\"votre-prenom\"><input type=\"text\" name=\"votre-prenom\" value=\"\" size=\"40\" class=\"wpcf7-form-control wpcf7-text wpcf7-validates-as-required\" aria-required=\"true\" aria-invalid=\"false\" placeholder=\"Exemple : Jean\" \/><\/span> <\/label> <\/td>\n<\/tr>\n<tr class=\"double mt20\">\n<td class=\"carddoublemail\"> <label> Votre adresse mail*<br \/>\n    <span class=\"wpcf7-form-control-wrap\" data-name=\"your-email\"><input type=\"email\" name=\"your-email\" value=\"\" size=\"40\" class=\"wpcf7-form-control wpcf7-text wpcf7-email wpcf7-validates-as-required wpcf7-validates-as-email\" aria-required=\"true\" aria-invalid=\"false\" placeholder=\"Exemple : jean.dupont@hotmail.fr\" \/><\/span> <\/label> <\/td>\n<td class=\"carddoubletel\"> <label> Votre n\u00b0 de t\u00e9l\u00e9phone mobile<br \/>\n    <span class=\"wpcf7-form-control-wrap\" data-name=\"tel-834\"><input type=\"tel\" name=\"tel-834\" value=\"\" size=\"40\" class=\"wpcf7-form-control wpcf7-text wpcf7-tel wpcf7-validates-as-required wpcf7-validates-as-tel\" aria-required=\"true\" aria-invalid=\"false\" placeholder=\"Exemple : 05.04.03.02.01\" \/><\/span> <\/label> <\/td>\n<\/tr>\n<\/table>\n<p><label> Votre message<br \/>\n    <span class=\"wpcf7-form-control-wrap\" data-name=\"your-message\"><textarea name=\"your-message\" cols=\"40\" rows=\"10\" class=\"wpcf7-form-control wpcf7-textarea wpcf7-validates-as-required\" aria-required=\"true\" aria-invalid=\"false\"><\/textarea><\/span> <\/label><\/p>\n<p><span class=\"wpcf7-form-control-wrap\" data-name=\"acceptance-107\"><span class=\"wpcf7-form-control wpcf7-acceptance\"><span class=\"wpcf7-list-item\"><input type=\"checkbox\" name=\"acceptance-107\" value=\"1\" aria-invalid=\"false\" \/><\/span><\/span><\/span> J\u2019accepte les conditions d\u2019utilisation et la <a href=http:\/\/ecs5-wp-bonbonbon.martinvillanove.com\/ecs5-wp-bonbonbon\/index.php\/politique-de-confidentialite\/>politique de confidentialit\u00e9<\/a>. Ce site est prot\u00e9g\u00e9 par reCAPTCHA et la politique de confidentialit\u00e9 de Google et les conditions d\u2019utilisations appliqu\u00e9es.<\/p>\n<p><input type=\"submit\" value=\"Envoyer\" class=\"wpcf7-form-control has-spinner wpcf7-submit\" \/><\/p>\n<p style=\"display: none !important;\"><label>&#916;<textarea name=\"_wpcf7_ak_hp_textarea\" cols=\"45\" rows=\"8\" maxlength=\"100\"><\/textarea><\/label><input type=\"hidden\" id=\"ak_js_1\" name=\"_wpcf7_ak_js\" value=\"47\"\/><script>document.getElementById( \"ak_js_1\" ).setAttribute( \"value\", ( new Date() ).getTime() );<\/script><\/p><div class=\"wpcf7-response-output\" aria-hidden=\"true\"><\/div><\/form><\/div>\n","protected":false},"excerpt":{"rendered":"<p>Produit made in France Livraison offerte d\u00e8s 35\u20ac d\u2019achat Paiement s\u00e9curis\u00e9<\/p>\n","protected":false},"author":2,"featured_media":0,"parent":0,"menu_order":0,"comment_status":"closed","ping_status":"closed","template":"","meta":{"footnotes":""},"class_list":["post-20","page","type-page","status-publish","hentry","latest_post"],"yoast_head":"<!-- This site is optimized with the Yoast SEO plugin v19.1 - https:\/\/yoast.com\/wordpress\/plugins\/seo\/ -->\n<title>Contact - Les Bonbonbons<\/title>\n<meta name=\"description\" content=\"N&#039;h\u00e9sitez pas \u00e0 nous contacter pour toute question sur la marque, sur les produits commercialis\u00e9s par la marque et en cas de probl\u00e8me.\" \/>\n<meta name=\"robots\" content=\"noindex, follow, max-snippet:-1, max-image-preview:large, max-video-preview:-1\" \/>\n<meta property=\"og:locale\" content=\"fr_FR\" \/>\n<meta property=\"og:type\" content=\"article\" \/>\n<meta property=\"og:title\" content=\"Contact - Les Bonbonbons\" \/>\n<meta property=\"og:description\" content=\"N&#039;h\u00e9sitez pas \u00e0 nous contacter pour toute question sur la marque, sur les produits commercialis\u00e9s par la marque et en cas de probl\u00e8me.\" \/>\n<meta property=\"og:url\" content=\"https:\/\/ecs5-wp-bonbonbon.martinvillanove.com\/ecs5-wp-bonbonbon\/contact\/\" \/>\n<meta property=\"og:site_name\" content=\"Les Bonbonbons\" \/>\n<meta property=\"article:publisher\" content=\"https:\/\/www.facebook.com\/bonbonbonsciney\/\" \/>\n<meta property=\"article:modified_time\" content=\"2022-06-27T20:37:17+00:00\" \/>\n<meta property=\"og:image\" content=\"http:\/\/ecs5-wp-bonbonbon.martinvillanove.com\/ecs5-wp-bonbonbon\/wp-content\/uploads\/2022\/06\/carte-localisation-bonbonbons.png\" \/>\n<meta name=\"twitter:card\" content=\"summary_large_image\" \/>\n<meta name=\"twitter:label1\" content=\"Dur\u00e9e de lecture estim\u00e9e\" \/>\n\t<meta name=\"twitter:data1\" content=\"2 minutes\" \/>\n<script type=\"application\/ld+json\" class=\"yoast-schema-graph\">{\"@context\":\"https:\/\/schema.org\",\"@graph\":[{\"@type\":\"WebSite\",\"@id\":\"https:\/\/ecs5-wp-bonbonbon.martinvillanove.com\/ecs5-wp-bonbonbon\/#website\",\"url\":\"https:\/\/ecs5-wp-bonbonbon.martinvillanove.com\/ecs5-wp-bonbonbon\/\",\"name\":\"Les Bonbonbons\",\"description\":\"Des bonbons 100% \u00e9co-responsable\",\"potentialAction\":[{\"@type\":\"SearchAction\",\"target\":{\"@type\":\"EntryPoint\",\"urlTemplate\":\"https:\/\/ecs5-wp-bonbonbon.martinvillanove.com\/ecs5-wp-bonbonbon\/?s={search_term_string}\"},\"query-input\":\"required name=search_term_string\"}],\"inLanguage\":\"fr-FR\"},{\"@type\":\"ImageObject\",\"inLanguage\":\"fr-FR\",\"@id\":\"https:\/\/ecs5-wp-bonbonbon.martinvillanove.com\/ecs5-wp-bonbonbon\/contact\/#primaryimage\",\"url\":\"https:\/\/ecs5-wp-bonbonbon.martinvillanove.com\/ecs5-wp-bonbonbon\/wp-content\/uploads\/2022\/06\/carte-localisation-bonbonbons.png\",\"contentUrl\":\"https:\/\/ecs5-wp-bonbonbon.martinvillanove.com\/ecs5-wp-bonbonbon\/wp-content\/uploads\/2022\/06\/carte-localisation-bonbonbons.png\",\"width\":507,\"height\":537,\"caption\":\"Carte de France, localisation angoul\u00eame\"},{\"@type\":\"WebPage\",\"@id\":\"https:\/\/ecs5-wp-bonbonbon.martinvillanove.com\/ecs5-wp-bonbonbon\/contact\/#webpage\",\"url\":\"https:\/\/ecs5-wp-bonbonbon.martinvillanove.com\/ecs5-wp-bonbonbon\/contact\/\",\"name\":\"Contact - Les Bonbonbons\",\"isPartOf\":{\"@id\":\"https:\/\/ecs5-wp-bonbonbon.martinvillanove.com\/ecs5-wp-bonbonbon\/#website\"},\"primaryImageOfPage\":{\"@id\":\"https:\/\/ecs5-wp-bonbonbon.martinvillanove.com\/ecs5-wp-bonbonbon\/contact\/#primaryimage\"},\"datePublished\":\"2022-03-25T09:54:36+00:00\",\"dateModified\":\"2022-06-27T20:37:17+00:00\",\"description\":\"N'h\u00e9sitez pas \u00e0 nous contacter pour toute question sur la marque, sur les produits commercialis\u00e9s par la marque et en cas de probl\u00e8me.\",\"breadcrumb\":{\"@id\":\"https:\/\/ecs5-wp-bonbonbon.martinvillanove.com\/ecs5-wp-bonbonbon\/contact\/#breadcrumb\"},\"inLanguage\":\"fr-FR\",\"potentialAction\":[{\"@type\":\"ReadAction\",\"target\":[\"https:\/\/ecs5-wp-bonbonbon.martinvillanove.com\/ecs5-wp-bonbonbon\/contact\/\"]}]},{\"@type\":\"BreadcrumbList\",\"@id\":\"https:\/\/ecs5-wp-bonbonbon.martinvillanove.com\/ecs5-wp-bonbonbon\/contact\/#breadcrumb\",\"itemListElement\":[{\"@type\":\"ListItem\",\"position\":1,\"name\":\"Accueil\",\"item\":\"https:\/\/ecs5-wp-bonbonbon.martinvillanove.com\/ecs5-wp-bonbonbon\/\"},{\"@type\":\"ListItem\",\"position\":2,\"name\":\"Contact\"}]}]}<\/script>\n<!-- \/ Yoast SEO plugin. -->","yoast_head_json":{"title":"Contact - Les Bonbonbons","description":"N'h\u00e9sitez pas \u00e0 nous contacter pour toute question sur la marque, sur les produits commercialis\u00e9s par la marque et en cas de probl\u00e8me.","robots":{"index":"noindex","follow":"follow","max-snippet":"max-snippet:-1","max-image-preview":"max-image-preview:large","max-video-preview":"max-video-preview:-1"},"og_locale":"fr_FR","og_type":"article","og_title":"Contact - Les Bonbonbons","og_description":"N'h\u00e9sitez pas \u00e0 nous contacter pour toute question sur la marque, sur les produits commercialis\u00e9s par la marque et en cas de probl\u00e8me.","og_url":"https:\/\/ecs5-wp-bonbonbon.martinvillanove.com\/ecs5-wp-bonbonbon\/contact\/","og_site_name":"Les Bonbonbons","article_publisher":"https:\/\/www.facebook.com\/bonbonbonsciney\/","article_modified_time":"2022-06-27T20:37:17+00:00","og_image":[{"url":"http:\/\/ecs5-wp-bonbonbon.martinvillanove.com\/ecs5-wp-bonbonbon\/wp-content\/uploads\/2022\/06\/carte-localisation-bonbonbons.png"}],"twitter_card":"summary_large_image","twitter_misc":{"Dur\u00e9e de lecture estim\u00e9e":"2 minutes"},"schema":{"@context":"https:\/\/schema.org","@graph":[{"@type":"WebSite","@id":"https:\/\/ecs5-wp-bonbonbon.martinvillanove.com\/ecs5-wp-bonbonbon\/#website","url":"https:\/\/ecs5-wp-bonbonbon.martinvillanove.com\/ecs5-wp-bonbonbon\/","name":"Les Bonbonbons","description":"Des bonbons 100% \u00e9co-responsable","potentialAction":[{"@type":"SearchAction","target":{"@type":"EntryPoint","urlTemplate":"https:\/\/ecs5-wp-bonbonbon.martinvillanove.com\/ecs5-wp-bonbonbon\/?s={search_term_string}"},"query-input":"required name=search_term_string"}],"inLanguage":"fr-FR"},{"@type":"ImageObject","inLanguage":"fr-FR","@id":"https:\/\/ecs5-wp-bonbonbon.martinvillanove.com\/ecs5-wp-bonbonbon\/contact\/#primaryimage","url":"https:\/\/ecs5-wp-bonbonbon.martinvillanove.com\/ecs5-wp-bonbonbon\/wp-content\/uploads\/2022\/06\/carte-localisation-bonbonbons.png","contentUrl":"https:\/\/ecs5-wp-bonbonbon.martinvillanove.com\/ecs5-wp-bonbonbon\/wp-content\/uploads\/2022\/06\/carte-localisation-bonbonbons.png","width":507,"height":537,"caption":"Carte de France, localisation angoul\u00eame"},{"@type":"WebPage","@id":"https:\/\/ecs5-wp-bonbonbon.martinvillanove.com\/ecs5-wp-bonbonbon\/contact\/#webpage","url":"https:\/\/ecs5-wp-bonbonbon.martinvillanove.com\/ecs5-wp-bonbonbon\/contact\/","name":"Contact - Les Bonbonbons","isPartOf":{"@id":"https:\/\/ecs5-wp-bonbonbon.martinvillanove.com\/ecs5-wp-bonbonbon\/#website"},"primaryImageOfPage":{"@id":"https:\/\/ecs5-wp-bonbonbon.martinvillanove.com\/ecs5-wp-bonbonbon\/contact\/#primaryimage"},"datePublished":"2022-03-25T09:54:36+00:00","dateModified":"2022-06-27T20:37:17+00:00","description":"N'h\u00e9sitez pas \u00e0 nous contacter pour toute question sur la marque, sur les produits commercialis\u00e9s par la marque et en cas de probl\u00e8me.","breadcrumb":{"@id":"https:\/\/ecs5-wp-bonbonbon.martinvillanove.com\/ecs5-wp-bonbonbon\/contact\/#breadcrumb"},"inLanguage":"fr-FR","potentialAction":[{"@type":"ReadAction","target":["https:\/\/ecs5-wp-bonbonbon.martinvillanove.com\/ecs5-wp-bonbonbon\/contact\/"]}]},{"@type":"BreadcrumbList","@id":"https:\/\/ecs5-wp-bonbonbon.martinvillanove.com\/ecs5-wp-bonbonbon\/contact\/#breadcrumb","itemListElement":[{"@type":"ListItem","position":1,"name":"Accueil","item":"https:\/\/ecs5-wp-bonbonbon.martinvillanove.com\/ecs5-wp-bonbonbon\/"},{"@type":"ListItem","position":2,"name":"Contact"}]}]}},"_links":{"self":[{"href":"https:\/\/ecs5-wp-bonbonbon.martinvillanove.com\/ecs5-wp-bonbonbon\/wp-json\/wp\/v2\/pages\/20","targetHints":{"allow":["GET"]}}],"collection":[{"href":"https:\/\/ecs5-wp-bonbonbon.martinvillanove.com\/ecs5-wp-bonbonbon\/wp-json\/wp\/v2\/pages"}],"about":[{"href":"https:\/\/ecs5-wp-bonbonbon.martinvillanove.com\/ecs5-wp-bonbonbon\/wp-json\/wp\/v2\/types\/page"}],"author":[{"embeddable":true,"href":"https:\/\/ecs5-wp-bonbonbon.martinvillanove.com\/ecs5-wp-bonbonbon\/wp-json\/wp\/v2\/users\/2"}],"replies":[{"embeddable":true,"href":"https:\/\/ecs5-wp-bonbonbon.martinvillanove.com\/ecs5-wp-bonbonbon\/wp-json\/wp\/v2\/comments?post=20"}],"version-history":[{"count":19,"href":"https:\/\/ecs5-wp-bonbonbon.martinvillanove.com\/ecs5-wp-bonbonbon\/wp-json\/wp\/v2\/pages\/20\/revisions"}],"predecessor-version":[{"id":639,"href":"https:\/\/ecs5-wp-bonbonbon.martinvillanove.com\/ecs5-wp-bonbonbon\/wp-json\/wp\/v2\/pages\/20\/revisions\/639"}],"wp:attachment":[{"href":"https:\/\/ecs5-wp-bonbonbon.martinvillanove.com\/ecs5-wp-bonbonbon\/wp-json\/wp\/v2\/media?parent=20"}],"curies":[{"name":"wp","href":"https:\/\/api.w.org\/{rel}","templated":true}]}}